{"id":4779,"date":"2024-04-08T11:49:56","date_gmt":"2024-04-08T08:49:56","guid":{"rendered":"https:\/\/peradoner.com.tr\/city-doner-menu\/viande-iskender\/"},"modified":"2024-04-08T11:50:45","modified_gmt":"2024-04-08T08:50:45","slug":"viande-iskender","status":"publish","type":"product","link":"https:\/\/peradoner.com.tr\/fr\/urun\/viande-iskender\/","title":{"rendered":"Viande Iskender"},"content":{"rendered":"<div class=\"wpb-content-wrapper\">[vc_row][vc_column][vc_column_text]Doner \u00e0 la viande, tomate, frites, yaourt, beurre.<\/p>\n<p>Il est possible de s\u00e9lectionner des portions de 80-120-150-150-200-250-300-400-500 gr.[\/vc_column_text][\/vc_column][\/vc_row]\n<\/div>","protected":false},"excerpt":{"rendered":"<p>[vc_row][vc_column][vc_column_text]Doner \u00e0 la viande, tomate, frites, yaourt, beurre. Il est possible de s\u00e9lectionner des portions de 80-120-150-150-200-250-300-400-500 gr.[\/vc_column_text][\/vc_column][\/vc_row]<\/p>\n","protected":false},"featured_media":0,"comment_status":"open","ping_status":"closed","template":"","meta":[],"product_brand":[],"product_cat":[84,86],"product_tag":[],"class_list":{"0":"post-4779","1":"product","2":"type-product","3":"status-publish","5":"product_cat-tous-les-produits","6":"product_cat-varietes-diskender","8":"first","9":"instock","10":"taxable","11":"shipping-taxable","12":"purchasable","13":"product-type-variable"},"yoast_head":"<!-- This site is optimized with the Yoast SEO plugin v27.3 - https:\/\/yoast.com\/product\/yoast-seo-wordpress\/ -->\n<title>Viande Iskender - Pera D\u00f6ner<\/title>\n<meta name=\"robots\" content=\"index, follow, max-snippet:-1, max-image-preview:large, max-video-preview:-1\" \/>\n<link rel=\"canonical\" href=\"https:\/\/peradoner.com.tr\/urun\/et-iskender\/\" \/>\n<meta property=\"og:locale\" content=\"fr_FR\" \/>\n<meta property=\"og:type\" content=\"article\" \/>\n<meta property=\"og:title\" content=\"Viande Iskender - Pera D\u00f6ner\" \/>\n<meta property=\"og:description\" content=\"[vc_row][vc_column][vc_column_text]Doner \u00e0 la viande, tomate, frites, yaourt, beurre. Il est possible de s\u00e9lectionner des portions de 80-120-150-150-200-250-300-400-500 gr.[\/vc_column_text][\/vc_column][\/vc_row]\" \/>\n<meta property=\"og:url\" content=\"https:\/\/peradoner.com.tr\/urun\/et-iskender\/\" \/>\n<meta property=\"og:site_name\" content=\"Pera D\u00f6ner\" \/>\n<meta property=\"article:modified_time\" content=\"2024-04-08T08:50:45+00:00\" \/>\n<meta name=\"twitter:card\" content=\"summary_large_image\" \/>\n<script type=\"application\/ld+json\" class=\"yoast-schema-graph\">{\"@context\":\"https:\\\/\\\/schema.org\",\"@graph\":[{\"@type\":\"WebPage\",\"@id\":\"https:\\\/\\\/peradoner.com.tr\\\/urun\\\/et-iskender\\\/\",\"url\":\"https:\\\/\\\/peradoner.com.tr\\\/urun\\\/et-iskender\\\/\",\"name\":\"Viande Iskender - Pera D\u00f6ner\",\"isPartOf\":{\"@id\":\"https:\\\/\\\/peradoner.com.tr\\\/#website\"},\"datePublished\":\"2024-04-08T08:49:56+00:00\",\"dateModified\":\"2024-04-08T08:50:45+00:00\",\"breadcrumb\":{\"@id\":\"https:\\\/\\\/peradoner.com.tr\\\/urun\\\/et-iskender\\\/#breadcrumb\"},\"inLanguage\":\"fr-FR\",\"potentialAction\":[{\"@type\":\"ReadAction\",\"target\":[\"https:\\\/\\\/peradoner.com.tr\\\/urun\\\/et-iskender\\\/\"]}]},{\"@type\":\"BreadcrumbList\",\"@id\":\"https:\\\/\\\/peradoner.com.tr\\\/urun\\\/et-iskender\\\/#breadcrumb\",\"itemListElement\":[{\"@type\":\"ListItem\",\"position\":1,\"name\":\"Anasayfa\",\"item\":\"https:\\\/\\\/peradoner.com.tr\\\/\"},{\"@type\":\"ListItem\",\"position\":2,\"name\":\"Men\u00fc\",\"item\":\"https:\\\/\\\/peradoner.com.tr\\\/menu\\\/\"},{\"@type\":\"ListItem\",\"position\":3,\"name\":\"Viande Iskender\"}]},{\"@type\":\"WebSite\",\"@id\":\"https:\\\/\\\/peradoner.com.tr\\\/#website\",\"url\":\"https:\\\/\\\/peradoner.com.tr\\\/\",\"name\":\"Pera D\u00f6ner\",\"description\":\"Taksim&#039; de D\u00f6ner&#039;in Adresi\",\"potentialAction\":[{\"@type\":\"SearchAction\",\"target\":{\"@type\":\"EntryPoint\",\"urlTemplate\":\"https:\\\/\\\/peradoner.com.tr\\\/?s={search_term_string}\"},\"query-input\":{\"@type\":\"PropertyValueSpecification\",\"valueRequired\":true,\"valueName\":\"search_term_string\"}}],\"inLanguage\":\"fr-FR\"}]}<\/script>\n<!-- \/ Yoast SEO plugin. -->","yoast_head_json":{"title":"Viande Iskender - Pera D\u00f6ner","robots":{"index":"index","follow":"follow","max-snippet":"max-snippet:-1","max-image-preview":"max-image-preview:large","max-video-preview":"max-video-preview:-1"},"canonical":"https:\/\/peradoner.com.tr\/urun\/et-iskender\/","og_locale":"fr_FR","og_type":"article","og_title":"Viande Iskender - Pera D\u00f6ner","og_description":"[vc_row][vc_column][vc_column_text]Doner \u00e0 la viande, tomate, frites, yaourt, beurre. Il est possible de s\u00e9lectionner des portions de 80-120-150-150-200-250-300-400-500 gr.[\/vc_column_text][\/vc_column][\/vc_row]","og_url":"https:\/\/peradoner.com.tr\/urun\/et-iskender\/","og_site_name":"Pera D\u00f6ner","article_modified_time":"2024-04-08T08:50:45+00:00","twitter_card":"summary_large_image","schema":{"@context":"https:\/\/schema.org","@graph":[{"@type":"WebPage","@id":"https:\/\/peradoner.com.tr\/urun\/et-iskender\/","url":"https:\/\/peradoner.com.tr\/urun\/et-iskender\/","name":"Viande Iskender - Pera D\u00f6ner","isPartOf":{"@id":"https:\/\/peradoner.com.tr\/#website"},"datePublished":"2024-04-08T08:49:56+00:00","dateModified":"2024-04-08T08:50:45+00:00","breadcrumb":{"@id":"https:\/\/peradoner.com.tr\/urun\/et-iskender\/#breadcrumb"},"inLanguage":"fr-FR","potentialAction":[{"@type":"ReadAction","target":["https:\/\/peradoner.com.tr\/urun\/et-iskender\/"]}]},{"@type":"BreadcrumbList","@id":"https:\/\/peradoner.com.tr\/urun\/et-iskender\/#breadcrumb","itemListElement":[{"@type":"ListItem","position":1,"name":"Anasayfa","item":"https:\/\/peradoner.com.tr\/"},{"@type":"ListItem","position":2,"name":"Men\u00fc","item":"https:\/\/peradoner.com.tr\/menu\/"},{"@type":"ListItem","position":3,"name":"Viande Iskender"}]},{"@type":"WebSite","@id":"https:\/\/peradoner.com.tr\/#website","url":"https:\/\/peradoner.com.tr\/","name":"Pera D\u00f6ner","description":"Taksim&#039; de D\u00f6ner&#039;in Adresi","potentialAction":[{"@type":"SearchAction","target":{"@type":"EntryPoint","urlTemplate":"https:\/\/peradoner.com.tr\/?s={search_term_string}"},"query-input":{"@type":"PropertyValueSpecification","valueRequired":true,"valueName":"search_term_string"}}],"inLanguage":"fr-FR"}]}},"_links":{"self":[{"href":"https:\/\/peradoner.com.tr\/fr\/wp-json\/wp\/v2\/product\/4779","targetHints":{"allow":["GET"]}}],"collection":[{"href":"https:\/\/peradoner.com.tr\/fr\/wp-json\/wp\/v2\/product"}],"about":[{"href":"https:\/\/peradoner.com.tr\/fr\/wp-json\/wp\/v2\/types\/product"}],"replies":[{"embeddable":true,"href":"https:\/\/peradoner.com.tr\/fr\/wp-json\/wp\/v2\/comments?post=4779"}],"wp:attachment":[{"href":"https:\/\/peradoner.com.tr\/fr\/wp-json\/wp\/v2\/media?parent=4779"}],"wp:term":[{"taxonomy":"product_brand","embeddable":true,"href":"https:\/\/peradoner.com.tr\/fr\/wp-json\/wp\/v2\/product_brand?post=4779"},{"taxonomy":"product_cat","embeddable":true,"href":"https:\/\/peradoner.com.tr\/fr\/wp-json\/wp\/v2\/product_cat?post=4779"},{"taxonomy":"product_tag","embeddable":true,"href":"https:\/\/peradoner.com.tr\/fr\/wp-json\/wp\/v2\/product_tag?post=4779"}],"curies":[{"name":"wp","href":"https:\/\/api.w.org\/{rel}","templated":true}]}}