{"id":4764,"date":"2024-04-08T09:48:40","date_gmt":"2024-04-08T06:48:40","guid":{"rendered":"https:\/\/peradoner.com.tr\/city-doner-menu\/portion-de-viande-doner\/"},"modified":"2024-04-08T09:48:40","modified_gmt":"2024-04-08T06:48:40","slug":"portion-de-viande-doner","status":"publish","type":"product","link":"https:\/\/peradoner.com.tr\/fr\/urun\/portion-de-viande-doner\/","title":{"rendered":"Portion de viande Doner"},"content":{"rendered":"<p>Doner \u00e0 la viande, tomate, frites<br \/>\nIl est possible de s\u00e9lectionner des portions de 100-120-150-150-200-250-300-400-500 gr.<\/p>\n","protected":false},"excerpt":{"rendered":"<p>Doner \u00e0 la viande, tomate, frites Il est possible de s\u00e9lectionner des portions de 100-120-150-150-200-250-300-400-500 gr.<\/p>\n","protected":false},"featured_media":0,"comment_status":"open","ping_status":"closed","template":"","meta":[],"product_brand":[],"product_cat":[150,84],"product_tag":[],"class_list":{"0":"post-4764","1":"product","2":"type-product","3":"status-publish","5":"product_cat-doner-de-viande","6":"product_cat-tous-les-produits","7":"pa_siparis-cesiti-porsiyon-tabak","9":"first","10":"instock","11":"taxable","12":"shipping-taxable","13":"purchasable","14":"product-type-variable"},"yoast_head":"<!-- This site is optimized with the Yoast SEO plugin v27.3 - https:\/\/yoast.com\/product\/yoast-seo-wordpress\/ -->\n<title>Portion de viande Doner - Pera D\u00f6ner<\/title>\n<meta name=\"robots\" content=\"index, follow, max-snippet:-1, max-image-preview:large, max-video-preview:-1\" \/>\n<link rel=\"canonical\" href=\"https:\/\/peradoner.com.tr\/urun\/et-doner-porsiyon\/\" \/>\n<meta property=\"og:locale\" content=\"fr_FR\" \/>\n<meta property=\"og:type\" content=\"article\" \/>\n<meta property=\"og:title\" content=\"Portion de viande Doner - Pera D\u00f6ner\" \/>\n<meta property=\"og:description\" content=\"Doner \u00e0 la viande, tomate, frites Il est possible de s\u00e9lectionner des portions de 100-120-150-150-200-250-300-400-500 gr.\" \/>\n<meta property=\"og:url\" content=\"https:\/\/peradoner.com.tr\/urun\/et-doner-porsiyon\/\" \/>\n<meta property=\"og:site_name\" content=\"Pera D\u00f6ner\" \/>\n<meta name=\"twitter:card\" content=\"summary_large_image\" \/>\n<script type=\"application\/ld+json\" class=\"yoast-schema-graph\">{\"@context\":\"https:\\\/\\\/schema.org\",\"@graph\":[{\"@type\":\"WebPage\",\"@id\":\"https:\\\/\\\/peradoner.com.tr\\\/urun\\\/et-doner-porsiyon\\\/\",\"url\":\"https:\\\/\\\/peradoner.com.tr\\\/urun\\\/et-doner-porsiyon\\\/\",\"name\":\"Portion de viande Doner - Pera D\u00f6ner\",\"isPartOf\":{\"@id\":\"https:\\\/\\\/peradoner.com.tr\\\/#website\"},\"datePublished\":\"2024-04-08T06:48:40+00:00\",\"breadcrumb\":{\"@id\":\"https:\\\/\\\/peradoner.com.tr\\\/urun\\\/et-doner-porsiyon\\\/#breadcrumb\"},\"inLanguage\":\"fr-FR\",\"potentialAction\":[{\"@type\":\"ReadAction\",\"target\":[\"https:\\\/\\\/peradoner.com.tr\\\/urun\\\/et-doner-porsiyon\\\/\"]}]},{\"@type\":\"BreadcrumbList\",\"@id\":\"https:\\\/\\\/peradoner.com.tr\\\/urun\\\/et-doner-porsiyon\\\/#breadcrumb\",\"itemListElement\":[{\"@type\":\"ListItem\",\"position\":1,\"name\":\"Anasayfa\",\"item\":\"https:\\\/\\\/peradoner.com.tr\\\/\"},{\"@type\":\"ListItem\",\"position\":2,\"name\":\"Men\u00fc\",\"item\":\"https:\\\/\\\/peradoner.com.tr\\\/menu\\\/\"},{\"@type\":\"ListItem\",\"position\":3,\"name\":\"Portion de viande Doner\"}]},{\"@type\":\"WebSite\",\"@id\":\"https:\\\/\\\/peradoner.com.tr\\\/#website\",\"url\":\"https:\\\/\\\/peradoner.com.tr\\\/\",\"name\":\"Pera D\u00f6ner\",\"description\":\"Taksim&#039; de D\u00f6ner&#039;in Adresi\",\"potentialAction\":[{\"@type\":\"SearchAction\",\"target\":{\"@type\":\"EntryPoint\",\"urlTemplate\":\"https:\\\/\\\/peradoner.com.tr\\\/?s={search_term_string}\"},\"query-input\":{\"@type\":\"PropertyValueSpecification\",\"valueRequired\":true,\"valueName\":\"search_term_string\"}}],\"inLanguage\":\"fr-FR\"}]}<\/script>\n<!-- \/ Yoast SEO plugin. -->","yoast_head_json":{"title":"Portion de viande Doner - Pera D\u00f6ner","robots":{"index":"index","follow":"follow","max-snippet":"max-snippet:-1","max-image-preview":"max-image-preview:large","max-video-preview":"max-video-preview:-1"},"canonical":"https:\/\/peradoner.com.tr\/urun\/et-doner-porsiyon\/","og_locale":"fr_FR","og_type":"article","og_title":"Portion de viande Doner - Pera D\u00f6ner","og_description":"Doner \u00e0 la viande, tomate, frites Il est possible de s\u00e9lectionner des portions de 100-120-150-150-200-250-300-400-500 gr.","og_url":"https:\/\/peradoner.com.tr\/urun\/et-doner-porsiyon\/","og_site_name":"Pera D\u00f6ner","twitter_card":"summary_large_image","schema":{"@context":"https:\/\/schema.org","@graph":[{"@type":"WebPage","@id":"https:\/\/peradoner.com.tr\/urun\/et-doner-porsiyon\/","url":"https:\/\/peradoner.com.tr\/urun\/et-doner-porsiyon\/","name":"Portion de viande Doner - Pera D\u00f6ner","isPartOf":{"@id":"https:\/\/peradoner.com.tr\/#website"},"datePublished":"2024-04-08T06:48:40+00:00","breadcrumb":{"@id":"https:\/\/peradoner.com.tr\/urun\/et-doner-porsiyon\/#breadcrumb"},"inLanguage":"fr-FR","potentialAction":[{"@type":"ReadAction","target":["https:\/\/peradoner.com.tr\/urun\/et-doner-porsiyon\/"]}]},{"@type":"BreadcrumbList","@id":"https:\/\/peradoner.com.tr\/urun\/et-doner-porsiyon\/#breadcrumb","itemListElement":[{"@type":"ListItem","position":1,"name":"Anasayfa","item":"https:\/\/peradoner.com.tr\/"},{"@type":"ListItem","position":2,"name":"Men\u00fc","item":"https:\/\/peradoner.com.tr\/menu\/"},{"@type":"ListItem","position":3,"name":"Portion de viande Doner"}]},{"@type":"WebSite","@id":"https:\/\/peradoner.com.tr\/#website","url":"https:\/\/peradoner.com.tr\/","name":"Pera D\u00f6ner","description":"Taksim&#039; de D\u00f6ner&#039;in Adresi","potentialAction":[{"@type":"SearchAction","target":{"@type":"EntryPoint","urlTemplate":"https:\/\/peradoner.com.tr\/?s={search_term_string}"},"query-input":{"@type":"PropertyValueSpecification","valueRequired":true,"valueName":"search_term_string"}}],"inLanguage":"fr-FR"}]}},"_links":{"self":[{"href":"https:\/\/peradoner.com.tr\/fr\/wp-json\/wp\/v2\/product\/4764","targetHints":{"allow":["GET"]}}],"collection":[{"href":"https:\/\/peradoner.com.tr\/fr\/wp-json\/wp\/v2\/product"}],"about":[{"href":"https:\/\/peradoner.com.tr\/fr\/wp-json\/wp\/v2\/types\/product"}],"replies":[{"embeddable":true,"href":"https:\/\/peradoner.com.tr\/fr\/wp-json\/wp\/v2\/comments?post=4764"}],"wp:attachment":[{"href":"https:\/\/peradoner.com.tr\/fr\/wp-json\/wp\/v2\/media?parent=4764"}],"wp:term":[{"taxonomy":"product_brand","embeddable":true,"href":"https:\/\/peradoner.com.tr\/fr\/wp-json\/wp\/v2\/product_brand?post=4764"},{"taxonomy":"product_cat","embeddable":true,"href":"https:\/\/peradoner.com.tr\/fr\/wp-json\/wp\/v2\/product_cat?post=4764"},{"taxonomy":"product_tag","embeddable":true,"href":"https:\/\/peradoner.com.tr\/fr\/wp-json\/wp\/v2\/product_tag?post=4764"}],"curies":[{"name":"wp","href":"https:\/\/api.w.org\/{rel}","templated":true}]}}