{"id":4339,"date":"2023-04-29T23:05:54","date_gmt":"2023-04-29T20:05:54","guid":{"rendered":"https:\/\/peradoner.com.tr\/informations\/"},"modified":"2024-04-06T07:41:56","modified_gmt":"2024-04-06T04:41:56","slug":"informations","status":"publish","type":"page","link":"https:\/\/peradoner.com.tr\/fr\/informations\/","title":{"rendered":"Informations"},"content":{"rendered":"<div class=\"wpb-content-wrapper\">[vc_row][vc_column el_class=\u00a0\u00bbbw\u00a0\u00bb][vc_empty_space][vc_column_text]\n<h2 style=\"text-align: center;\">Conditions et informations relatives \u00e0 la campagne<\/h2>\n[\/vc_column_text][vc_empty_space][\/vc_column][\/vc_row][vc_row][vc_column][vc_tta_tour][vc_tta_section i_icon_fontawesome=\u00a0\u00bbfas fa-thumbs-up\u00a0\u00bb add_icon=\u00a0\u00bbtrue\u00a0\u00bb title=\u00a0\u00bbTraqueur d&rsquo;ar\u00f4mes\u00a0\u00bb tab_id=\u00a0\u00bb1712343127040-da13160b-af57&Prime;][vc_column_text]\n<h2>Campagne sp\u00e9ciale pour nos pr\u00e9cieux adeptes<\/h2>\n<p>Nous avons des surprises pour nos pr\u00e9cieux invit\u00e9s qui suivent notre page sur nos comptes de m\u00e9dias sociaux.[\/vc_column_text][\/vc_tta_section][vc_tta_section title=\u00a0\u00bbDu th\u00e9 pour nous\u00a0\u00bb tab_id=\u00a0\u00bb1712343127045-f92747c5-be4d\u00a0\u00bb][vc_column_text]\n<h2>Iskenderler de votre part, du th\u00e9 de la n\u00f4tre<\/h2>\n<p>Nous offrons du th\u00e9 pour vos commandes d&rsquo;Iskender.[\/vc_column_text][\/vc_tta_section][vc_tta_section title=\u00a0\u00bbSe marie bien avec\u00a0\u00bb tab_id=\u00a0\u00bb1712343622230-93a6ae3c-bc22&Prime;][vc_column_text]\n<h2>Campagne \u00ab\u00a0Good to Go<\/h2>\n<p>Les 2 pi\u00e8ces de viande command\u00e9es par Beyti sont servies avec du babeurre.[\/vc_column_text][\/vc_tta_section][\/vc_tta_tour][\/vc_column][\/vc_row]\n<\/div>","protected":false},"excerpt":{"rendered":"<p>[vc_row][vc_column el_class=\u00a0\u00bbbw\u00a0\u00bb][vc_empty_space][vc_column_text] Conditions et informations relatives \u00e0 la campagne [\/vc_column_text][vc_empty_space][\/vc_column][\/vc_row][vc_row][vc_column][vc_tta_tour][vc_tta_section i_icon_fontawesome=\u00a0\u00bbfas fa-thumbs-up\u00a0\u00bb add_icon=\u00a0\u00bbtrue\u00a0\u00bb title=\u00a0\u00bbTraqueur d&rsquo;ar\u00f4mes\u00a0\u00bb tab_id=\u00a0\u00bb1712343127040-da13160b-af57&Prime;][vc_column_text] Campagne sp\u00e9ciale pour nos pr\u00e9cieux adeptes Nous avons des surprises pour nos pr\u00e9cieux invit\u00e9s qui suivent notre page sur nos comptes de m\u00e9dias sociaux.[\/vc_column_text][\/vc_tta_section][vc_tta_section title=\u00a0\u00bbDu th\u00e9 pour nous\u00a0\u00bb tab_id=\u00a0\u00bb1712343127045-f92747c5-be4d\u00a0\u00bb][vc_column_text] Iskenderler de votre part, du [&hellip;]<\/p>\n","protected":false},"author":1,"featured_media":0,"parent":0,"menu_order":4,"comment_status":"closed","ping_status":"closed","template":"","meta":{"footnotes":""},"class_list":["post-4339","page","type-page","status-publish","hentry"],"yoast_head":"<!-- This site is optimized with the Yoast SEO plugin v27.3 - https:\/\/yoast.com\/product\/yoast-seo-wordpress\/ -->\n<title>Informations - Pera D\u00f6ner<\/title>\n<meta name=\"robots\" content=\"index, follow, max-snippet:-1, max-image-preview:large, max-video-preview:-1\" \/>\n<link rel=\"canonical\" href=\"https:\/\/peradoner.com.tr\/bilgilendirmeler\/\" \/>\n<meta property=\"og:locale\" content=\"fr_FR\" \/>\n<meta property=\"og:type\" content=\"article\" \/>\n<meta property=\"og:title\" content=\"Informations - Pera D\u00f6ner\" \/>\n<meta property=\"og:description\" content=\"[vc_row][vc_column el_class=\u00a0\u00bbbw\u00a0\u00bb][vc_empty_space][vc_column_text] Conditions et informations relatives \u00e0 la campagne [\/vc_column_text][vc_empty_space][\/vc_column][\/vc_row][vc_row][vc_column][vc_tta_tour][vc_tta_section i_icon_fontawesome=\u00a0\u00bbfas fa-thumbs-up\u00a0\u00bb add_icon=\u00a0\u00bbtrue\u00a0\u00bb title=\u00a0\u00bbTraqueur d&rsquo;ar\u00f4mes\u00a0\u00bb tab_id=\u00a0\u00bb1712343127040-da13160b-af57&Prime;][vc_column_text] Campagne sp\u00e9ciale pour nos pr\u00e9cieux adeptes Nous avons des surprises pour nos pr\u00e9cieux invit\u00e9s qui suivent notre page sur nos comptes de m\u00e9dias sociaux.[\/vc_column_text][\/vc_tta_section][vc_tta_section title=\u00a0\u00bbDu th\u00e9 pour nous\u00a0\u00bb tab_id=\u00a0\u00bb1712343127045-f92747c5-be4d\u00a0\u00bb][vc_column_text] Iskenderler de votre part, du [&hellip;]\" \/>\n<meta property=\"og:url\" content=\"https:\/\/peradoner.com.tr\/bilgilendirmeler\/\" \/>\n<meta property=\"og:site_name\" content=\"Pera D\u00f6ner\" \/>\n<meta property=\"article:modified_time\" content=\"2024-04-06T04:41:56+00:00\" \/>\n<meta name=\"twitter:card\" content=\"summary_large_image\" \/>\n<meta name=\"twitter:label1\" content=\"Dur\u00e9e de lecture estim\u00e9e\" \/>\n\t<meta name=\"twitter:data1\" content=\"1 minute\" \/>\n<script type=\"application\/ld+json\" class=\"yoast-schema-graph\">{\"@context\":\"https:\\\/\\\/schema.org\",\"@graph\":[{\"@type\":\"WebPage\",\"@id\":\"https:\\\/\\\/peradoner.com.tr\\\/bilgilendirmeler\\\/\",\"url\":\"https:\\\/\\\/peradoner.com.tr\\\/bilgilendirmeler\\\/\",\"name\":\"Informations - Pera D\u00f6ner\",\"isPartOf\":{\"@id\":\"https:\\\/\\\/peradoner.com.tr\\\/#website\"},\"datePublished\":\"2023-04-29T20:05:54+00:00\",\"dateModified\":\"2024-04-06T04:41:56+00:00\",\"breadcrumb\":{\"@id\":\"https:\\\/\\\/peradoner.com.tr\\\/bilgilendirmeler\\\/#breadcrumb\"},\"inLanguage\":\"fr-FR\",\"potentialAction\":[{\"@type\":\"ReadAction\",\"target\":[\"https:\\\/\\\/peradoner.com.tr\\\/bilgilendirmeler\\\/\"]}]},{\"@type\":\"BreadcrumbList\",\"@id\":\"https:\\\/\\\/peradoner.com.tr\\\/bilgilendirmeler\\\/#breadcrumb\",\"itemListElement\":[{\"@type\":\"ListItem\",\"position\":1,\"name\":\"Anasayfa\",\"item\":\"https:\\\/\\\/peradoner.com.tr\\\/\"},{\"@type\":\"ListItem\",\"position\":2,\"name\":\"Informations\"}]},{\"@type\":\"WebSite\",\"@id\":\"https:\\\/\\\/peradoner.com.tr\\\/#website\",\"url\":\"https:\\\/\\\/peradoner.com.tr\\\/\",\"name\":\"Pera D\u00f6ner\",\"description\":\"Taksim&#039; de D\u00f6ner&#039;in Adresi\",\"potentialAction\":[{\"@type\":\"SearchAction\",\"target\":{\"@type\":\"EntryPoint\",\"urlTemplate\":\"https:\\\/\\\/peradoner.com.tr\\\/?s={search_term_string}\"},\"query-input\":{\"@type\":\"PropertyValueSpecification\",\"valueRequired\":true,\"valueName\":\"search_term_string\"}}],\"inLanguage\":\"fr-FR\"}]}<\/script>\n<!-- \/ Yoast SEO plugin. -->","yoast_head_json":{"title":"Informations - Pera D\u00f6ner","robots":{"index":"index","follow":"follow","max-snippet":"max-snippet:-1","max-image-preview":"max-image-preview:large","max-video-preview":"max-video-preview:-1"},"canonical":"https:\/\/peradoner.com.tr\/bilgilendirmeler\/","og_locale":"fr_FR","og_type":"article","og_title":"Informations - Pera D\u00f6ner","og_description":"[vc_row][vc_column el_class=\u00a0\u00bbbw\u00a0\u00bb][vc_empty_space][vc_column_text] Conditions et informations relatives \u00e0 la campagne [\/vc_column_text][vc_empty_space][\/vc_column][\/vc_row][vc_row][vc_column][vc_tta_tour][vc_tta_section i_icon_fontawesome=\u00a0\u00bbfas fa-thumbs-up\u00a0\u00bb add_icon=\u00a0\u00bbtrue\u00a0\u00bb title=\u00a0\u00bbTraqueur d&rsquo;ar\u00f4mes\u00a0\u00bb tab_id=\u00a0\u00bb1712343127040-da13160b-af57&Prime;][vc_column_text] Campagne sp\u00e9ciale pour nos pr\u00e9cieux adeptes Nous avons des surprises pour nos pr\u00e9cieux invit\u00e9s qui suivent notre page sur nos comptes de m\u00e9dias sociaux.[\/vc_column_text][\/vc_tta_section][vc_tta_section title=\u00a0\u00bbDu th\u00e9 pour nous\u00a0\u00bb tab_id=\u00a0\u00bb1712343127045-f92747c5-be4d\u00a0\u00bb][vc_column_text] Iskenderler de votre part, du [&hellip;]","og_url":"https:\/\/peradoner.com.tr\/bilgilendirmeler\/","og_site_name":"Pera D\u00f6ner","article_modified_time":"2024-04-06T04:41:56+00:00","twitter_card":"summary_large_image","twitter_misc":{"Dur\u00e9e de lecture estim\u00e9e":"1 minute"},"schema":{"@context":"https:\/\/schema.org","@graph":[{"@type":"WebPage","@id":"https:\/\/peradoner.com.tr\/bilgilendirmeler\/","url":"https:\/\/peradoner.com.tr\/bilgilendirmeler\/","name":"Informations - Pera D\u00f6ner","isPartOf":{"@id":"https:\/\/peradoner.com.tr\/#website"},"datePublished":"2023-04-29T20:05:54+00:00","dateModified":"2024-04-06T04:41:56+00:00","breadcrumb":{"@id":"https:\/\/peradoner.com.tr\/bilgilendirmeler\/#breadcrumb"},"inLanguage":"fr-FR","potentialAction":[{"@type":"ReadAction","target":["https:\/\/peradoner.com.tr\/bilgilendirmeler\/"]}]},{"@type":"BreadcrumbList","@id":"https:\/\/peradoner.com.tr\/bilgilendirmeler\/#breadcrumb","itemListElement":[{"@type":"ListItem","position":1,"name":"Anasayfa","item":"https:\/\/peradoner.com.tr\/"},{"@type":"ListItem","position":2,"name":"Informations"}]},{"@type":"WebSite","@id":"https:\/\/peradoner.com.tr\/#website","url":"https:\/\/peradoner.com.tr\/","name":"Pera D\u00f6ner","description":"Taksim&#039; de D\u00f6ner&#039;in Adresi","potentialAction":[{"@type":"SearchAction","target":{"@type":"EntryPoint","urlTemplate":"https:\/\/peradoner.com.tr\/?s={search_term_string}"},"query-input":{"@type":"PropertyValueSpecification","valueRequired":true,"valueName":"search_term_string"}}],"inLanguage":"fr-FR"}]}},"_links":{"self":[{"href":"https:\/\/peradoner.com.tr\/fr\/wp-json\/wp\/v2\/pages\/4339","targetHints":{"allow":["GET"]}}],"collection":[{"href":"https:\/\/peradoner.com.tr\/fr\/wp-json\/wp\/v2\/pages"}],"about":[{"href":"https:\/\/peradoner.com.tr\/fr\/wp-json\/wp\/v2\/types\/page"}],"author":[{"embeddable":true,"href":"https:\/\/peradoner.com.tr\/fr\/wp-json\/wp\/v2\/users\/1"}],"replies":[{"embeddable":true,"href":"https:\/\/peradoner.com.tr\/fr\/wp-json\/wp\/v2\/comments?post=4339"}],"version-history":[{"count":0,"href":"https:\/\/peradoner.com.tr\/fr\/wp-json\/wp\/v2\/pages\/4339\/revisions"}],"wp:attachment":[{"href":"https:\/\/peradoner.com.tr\/fr\/wp-json\/wp\/v2\/media?parent=4339"}],"curies":[{"name":"wp","href":"https:\/\/api.w.org\/{rel}","templated":true}]}}