{"id":4337,"date":"2023-04-29T23:39:40","date_gmt":"2023-04-29T20:39:40","guid":{"rendered":"https:\/\/peradoner.com.tr\/kvkk-texte-de-clarification\/"},"modified":"2024-04-09T00:28:57","modified_gmt":"2024-04-08T21:28:57","slug":"kvkk-texte-de-clarification","status":"publish","type":"page","link":"https:\/\/peradoner.com.tr\/fr\/kvkk-texte-de-clarification\/","title":{"rendered":"KVKK &#8211; Texte de clarification"},"content":{"rendered":"<div class=\"wpb-content-wrapper\">[vc_row][vc_column][vc_row_inner][vc_column_inner][\/vc_column_inner][\/vc_row_inner][vc_column_text]TEXTE DE CLARIFICATION SUR LE TRAITEMENT DES DONN\u00c9ES PERSONNELLES<\/p>\n<p>(\u00ab\u00a0TEXTE DE CLARIFICATION\u00a0\u00bb)<\/p>\n<p>En tant que Pera D\u00f6ner, ce texte de clarification (\u00ab\u00a0Texte de clarification\u00a0\u00bb) concernant la protection des donn\u00e9es \u00e0 caract\u00e8re personnel en tant que responsable du traitement des donn\u00e9es en termes de protection des donn\u00e9es \u00e0 caract\u00e8re personnel de ses clients, partenaires commerciaux et autres tiers avec lesquels il est en relation et de garantie de la confidentialit\u00e9 et de la s\u00e9curit\u00e9 des donn\u00e9es est pr\u00e9sent\u00e9 \u00e0 votre attention afin de vous informer.<\/p>\n<p>Ce texte de clarification est conforme \u00e0 l&rsquo;article 10 de la loi n\u00b0 6698 sur la protection des donn\u00e9es personnelles (\u00ab\u00a0KVKK\u00a0\u00bb). En tant que \u00ab\u00a0contr\u00f4leur de donn\u00e9es\u00a0\u00bb de Pera D\u00f6ner concernant le traitement de vos donn\u00e9es personnelles (toute information relative \u00e0 une personne physique identifi\u00e9e ou identifiable telle que votre nom, adresse, num\u00e9ro de t\u00e9l\u00e9phone, adresse \u00e9lectronique, etc.) (\u00ab\u00a0donn\u00e9es personnelles\u00a0\u00bb) fournies et\/ou collect\u00e9es dans le cadre de la visite de Pera D\u00f6ner sur son site web, de la passation d&rsquo;une commande ou d&rsquo;une demande de conseil par des m\u00e9thodes physiques ou autres, de l&rsquo;\u00e9tablissement d&rsquo;un contrat de conseil et\/ou de l&rsquo;ex\u00e9cution d&rsquo;un contrat de conseil, de la conduite de processus de recrutement, ou de la fourniture de services \u00e0 ceux qui souhaitent contacter Pera D\u00f6ner, et de vos droits en la mati\u00e8re ; assurer le respect de l&rsquo;obligation de divulgation. Pera D\u00f6ner a le titre de responsable du traitement des donn\u00e9es dans le cadre du KVKK en ce qui concerne le traitement des donn\u00e9es \u00e0 caract\u00e8re personnel. Les donn\u00e9es personnelles peuvent \u00eatre trait\u00e9es et stock\u00e9es par Pera D\u00f6ner conform\u00e9ment au KVKK et \u00e0 la l\u00e9gislation sur la protection des donn\u00e9es personnelles.<\/p>\n<p>Finalit\u00e9s du traitement des donn\u00e9es \u00e0 caract\u00e8re personnel<\/p>\n<p>Vos donn\u00e9es personnelles sont soumises \u00e0 l&rsquo;article 20 de la Constitution de la R\u00e9publique de Turquie. Article 4 de la KVKK. par le responsable du traitement des donn\u00e9es Pera D\u00f6ner conform\u00e9ment \u00e0 l&rsquo;art ;<\/p>\n<p>Fournir les services que vous demandez en fonction de vos besoins,<br \/>\n\u00c9tablir une communication via le site web,<br \/>\nPlanifier des strat\u00e9gies commerciales et\/ou juridiques,<br \/>\nOffres de conseil, examen des offres de services,<br \/>\nEx\u00e9cution du processus de s\u00e9curit\u00e9 de l&rsquo;information,<br \/>\n\u00c9tablissement et\/ou ex\u00e9cution d&rsquo;un contrat de vente ou de conseil,<br \/>\nEx\u00e9cution des processus de relations avec les clients,<br \/>\nEx\u00e9cution des processus contractuels et d\u00e9termination et contr\u00f4le des autorisations de signature des parties signataires des documents concern\u00e9s<br \/>\nEnregistrement de l&rsquo;identit\u00e9, de l&rsquo;adresse, du num\u00e9ro d&rsquo;identification fiscale et d&rsquo;autres informations n\u00e9cessaires pour d\u00e9terminer les propri\u00e9taires et les destinataires de toutes sortes d&rsquo;affaires et de transactions, et organisation de celles-ci sur papier ou par voie \u00e9lectronique,<br \/>\nInformer la juridiction comp\u00e9tente, le bureau d&rsquo;ex\u00e9cution, les institutions et\/ou les organisations,<br \/>\n\u00c9valuation des candidats dans les processus de recrutement<br \/>\nInformations sur l&rsquo;actualit\u00e9 et les nouveaut\u00e9s en mati\u00e8re de services,<br \/>\npeuvent \u00eatre trait\u00e9es aux fins auxquelles elles sont destin\u00e9es.<\/p>\n<p>M\u00e9thodes de collecte des donn\u00e9es personnelles et motifs juridiques<\/p>\n<p>Les donn\u00e9es personnelles sont collect\u00e9es verbalement, par \u00e9crit ou \u00e9lectroniquement par le biais des outils et des canaux utilis\u00e9s par Pera D\u00f6ner, en particulier la consultation, la soumission de propositions de services et\/ou l&rsquo;\u00e9tablissement de relations avec les clients et\/ou l&rsquo;\u00e9tablissement d&rsquo;accords de consultation et\/ou la fourniture de services par le biais du site web, et aux fins susmentionn\u00e9es, afin de r\u00e9pondre aux besoins technologiques minimaux permettant \u00e0 Pera D\u00f6ner de remplir ses obligations d\u00e9coulant de la fourniture de services, de contrats et de lois de mani\u00e8re compl\u00e8te et pr\u00e9cise, et sur la base de motifs l\u00e9gaux d\u00e9termin\u00e9s par la loi. Les donn\u00e9es \u00e0 caract\u00e8re personnel collect\u00e9es pour ces raisons l\u00e9gales seront trait\u00e9es par Pera D\u00f6ner conform\u00e9ment aux principes de base stipul\u00e9s par la KVKK, conform\u00e9ment \u00e0 la loi sur la protection des donn\u00e9es. 5. et 6. les donn\u00e9es \u00e0 caract\u00e8re personnel peuvent \u00e9galement \u00eatre trait\u00e9es et transf\u00e9r\u00e9es aux fins sp\u00e9cifi\u00e9es dans le pr\u00e9sent texte, conform\u00e9ment aux conditions et aux finalit\u00e9s du traitement des donn\u00e9es \u00e0 caract\u00e8re personnel sp\u00e9cifi\u00e9es \u00e0 l&rsquo;article 6.<\/p>\n<p>Traitement des donn\u00e9es \u00e0 caract\u00e8re personnel<\/p>\n<p>Pera D\u00f6ner ne collectera les donn\u00e9es personnelles qu&rsquo;\u00e0 des fins pr\u00e9cises, explicites et l\u00e9gales et les conservera pendant les p\u00e9riodes requises par les finalit\u00e9s du traitement des donn\u00e9es personnelles d\u00e9crites dans la section correspondante ci-dessus, et ne traitera pas les donn\u00e9es personnelles d&rsquo;une mani\u00e8re incompatible avec les finalit\u00e9s pour lesquelles elles ont \u00e9t\u00e9 collect\u00e9es dans le cadre sp\u00e9cifi\u00e9 dans le KVKK et le pr\u00e9sent texte de clarification, et les supprimera, les d\u00e9truira ou les rendra anonymes d&rsquo;office ou \u00e0 la demande de la personne concern\u00e9e, sans pr\u00e9judice des cas o\u00f9 il existe une obligation l\u00e9gale de les conserver, dans l&rsquo;\u00e9ventualit\u00e9 o\u00f9 les raisons n\u00e9cessitant leur traitement dispara\u00eetraient.<\/p>\n<p>Transfert de donn\u00e9es \u00e0 caract\u00e8re personnel<\/p>\n<p>Vos donn\u00e9es personnelles peuvent \u00eatre trait\u00e9es par Pera D\u00f6ner conform\u00e9ment aux finalit\u00e9s du traitement des donn\u00e9es personnelles \u00e9nonc\u00e9es dans le pr\u00e9sent texte de clarification et, en plus de celles-ci, afin d&rsquo;atteindre les objectifs de traitement des donn\u00e9es suivants, conform\u00e9ment \u00e0 la loi Conform\u00e9ment \u00e0 l&rsquo;article 8, elles peuvent \u00eatre transf\u00e9r\u00e9es \u00e0 des partenaires commerciaux, \u00e0 des avocats et \u00e0 des tribunaux et\/ou bureaux d&rsquo;ex\u00e9cution autoris\u00e9s, ainsi qu&rsquo;\u00e0 des institutions et organisations publiques pour des audits juridiques et financiers. En outre, vos donn\u00e9es personnelles, KVKK Conform\u00e9ment \u00e0 l&rsquo;article 9, les donn\u00e9es \u00e0 caract\u00e8re personnel peuvent \u00eatre transf\u00e9r\u00e9es directement ou indirectement par Pera D\u00f6ner \u00e0 des tiers dont il re\u00e7oit ou pr\u00e9voit de recevoir des services de conseil, d&rsquo;assistance ou des services juridiques \u00e0 l&rsquo;\u00e9tranger, \u00e0 des tiers dont il re\u00e7oit ou pr\u00e9voit de recevoir des services de conseil, d&rsquo;assistance ou des services dans d&rsquo;autres domaines (y compris des fournisseurs de services d&rsquo;informatique en nuage qui peuvent avoir des serveurs dans diff\u00e9rents pays), \u00e0 des institutions et organisations l\u00e9galement autoris\u00e9es, dans le cadre des conditions et des finalit\u00e9s sp\u00e9cifi\u00e9es du traitement des donn\u00e9es \u00e0 caract\u00e8re personnel.<\/p>\n<p>Bien que vos donn\u00e9es personnelles puissent \u00eatre transf\u00e9r\u00e9es au niveau national ou \u00e0 l&rsquo;\u00e9tranger, les mesures techniques et administratives minimales n\u00e9cessaires sont prises par Pera D\u00f6ner au niveau appropri\u00e9. De m\u00eame, le transfert de donn\u00e9es 3. Les personnes s&rsquo;engagent \u00e0 prendre les mesures techniques et administratives n\u00e9cessaires.<\/p>\n<p>Droits de la personne concern\u00e9e<\/p>\n<p>Article 20 de la Constitution de la R\u00e9publique de Turquie L&rsquo;article 11 de la LPPD stipule que toute personne a le droit d&rsquo;\u00eatre inform\u00e9e des donn\u00e9es personnelles la concernant. En vertu de l&rsquo;article 3, il est pr\u00e9vu que le droit de \u00ab\u00a0demander des informations\u00a0\u00bb figure \u00e9galement parmi les droits du propri\u00e9taire des donn\u00e9es \u00e0 caract\u00e8re personnel. Dans ce contexte, Pera D\u00f6ner fournit les informations n\u00e9cessaires au cas o\u00f9 le propri\u00e9taire des donn\u00e9es personnelles demanderait des informations, et avec ce texte de clarification, Pera D\u00f6ner informe le propri\u00e9taire des donn\u00e9es sur la fa\u00e7on dont le droit de demander de telles informations est utilis\u00e9 et sur la fa\u00e7on dont les questions concernant la demande d&rsquo;informations seront \u00e9valu\u00e9es.<\/p>\n<p>Les propri\u00e9taires de donn\u00e9es personnelles ont les droits suivants conform\u00e9ment \u00e0 la loi KVKK :<\/p>\n<p>savoir si leurs donn\u00e9es personnelles sont trait\u00e9es ou non,<br \/>\nDemander des informations sur le traitement de leurs donn\u00e9es personnelles,<br \/>\nde conna\u00eetre la finalit\u00e9 du traitement de leurs donn\u00e9es personnelles et de savoir si elles sont utilis\u00e9es conform\u00e9ment \u00e0 cette finalit\u00e9,<br \/>\nConna\u00eetre les tiers auxquels les donn\u00e9es \u00e0 caract\u00e8re personnel sont transf\u00e9r\u00e9es au niveau national ou \u00e0 l&rsquo;\u00e9tranger,<br \/>\nDemander la rectification des donn\u00e9es \u00e0 caract\u00e8re personnel en cas de traitement incomplet ou incorrect,<br \/>\n7. Demander la suppression\/destruction des donn\u00e9es personnelles dans le cadre des conditions stipul\u00e9es dans l&rsquo;article et informer les tiers auxquels les donn\u00e9es personnelles sont transf\u00e9r\u00e9es dans ce cadre,<br \/>\nde s&rsquo;opposer \u00e0 ce que les donn\u00e9es trait\u00e9es soient analys\u00e9es exclusivement \u00e0 l&rsquo;aide de syst\u00e8mes automatis\u00e9s,<br \/>\ndemander une indemnisation en cas de pr\u00e9judice caus\u00e9 par le traitement de leurs donn\u00e9es personnelles en violation de la loi sur la protection des donn\u00e9es \u00e0 caract\u00e8re personnel<br \/>\ndroits.<\/p>\n<p>Demande de la personne concern\u00e9e<\/p>\n<p>Vous pouvez envoyer vos demandes concernant vos droits mentionn\u00e9s ci-dessus \u00e0 bilgi@peradoner.com.tr ou par \u00e9crit \u00e0 notre adresse ci-dessous. Si la finalisation de ces demandes n\u00e9cessite un co\u00fbt suppl\u00e9mentaire, Pera D\u00f6ner peut facturer au demandeur les frais selon le tarif d\u00e9termin\u00e9 par la Commission de protection des donn\u00e9es personnelles.<\/p>\n<p>Donateur de la ville<\/p>\n<p>Kuloglu, Istiklal Cd.<br \/>\nN\u00b0 : 131\/A<br \/>\nBeyoglu\/Istanbul<br \/>\nCode postal 34421[\/vc_column_text][\/vc_column][\/vc_row]\n<\/div>","protected":false},"excerpt":{"rendered":"<p>[vc_row][vc_column][vc_row_inner][vc_column_inner][\/vc_column_inner][\/vc_row_inner][vc_column_text]TEXTE DE CLARIFICATION SUR LE TRAITEMENT DES DONN\u00c9ES PERSONNELLES (\u00ab\u00a0TEXTE DE CLARIFICATION\u00a0\u00bb) En tant que Pera D\u00f6ner, ce texte de clarification (\u00ab\u00a0Texte de clarification\u00a0\u00bb) concernant la protection des donn\u00e9es \u00e0 caract\u00e8re personnel en tant que responsable du traitement des donn\u00e9es en termes de protection des donn\u00e9es \u00e0 caract\u00e8re personnel de [&hellip;]<\/p>\n","protected":false},"author":1,"featured_media":0,"parent":0,"menu_order":90,"comment_status":"closed","ping_status":"closed","template":"","meta":{"footnotes":""},"class_list":["post-4337","page","type-page","status-publish","hentry"],"yoast_head":"<!-- This site is optimized with the Yoast SEO plugin v27.3 - https:\/\/yoast.com\/product\/yoast-seo-wordpress\/ -->\n<title>KVKK - Texte de clarification - Pera D\u00f6ner<\/title>\n<meta name=\"robots\" content=\"index, follow, max-snippet:-1, max-image-preview:large, max-video-preview:-1\" \/>\n<link rel=\"canonical\" href=\"https:\/\/peradoner.com.tr\/kvkk-aydinlatma-metni\/\" \/>\n<meta property=\"og:locale\" content=\"fr_FR\" \/>\n<meta property=\"og:type\" content=\"article\" \/>\n<meta property=\"og:title\" content=\"KVKK - Texte de clarification - Pera D\u00f6ner\" \/>\n<meta property=\"og:description\" content=\"[vc_row][vc_column][vc_row_inner][vc_column_inner][\/vc_column_inner][\/vc_row_inner][vc_column_text]TEXTE DE CLARIFICATION SUR LE TRAITEMENT DES DONN\u00c9ES PERSONNELLES (\u00ab\u00a0TEXTE DE CLARIFICATION\u00a0\u00bb) En tant que Pera D\u00f6ner, ce texte de clarification (\u00ab\u00a0Texte de clarification\u00a0\u00bb) concernant la protection des donn\u00e9es \u00e0 caract\u00e8re personnel en tant que responsable du traitement des donn\u00e9es en termes de protection des donn\u00e9es \u00e0 caract\u00e8re personnel de [&hellip;]\" \/>\n<meta property=\"og:url\" content=\"https:\/\/peradoner.com.tr\/kvkk-aydinlatma-metni\/\" \/>\n<meta property=\"og:site_name\" content=\"Pera D\u00f6ner\" \/>\n<meta property=\"article:modified_time\" content=\"2024-04-08T21:28:57+00:00\" \/>\n<meta name=\"twitter:card\" content=\"summary_large_image\" \/>\n<meta name=\"twitter:label1\" content=\"Dur\u00e9e de lecture estim\u00e9e\" \/>\n\t<meta name=\"twitter:data1\" content=\"8 minutes\" \/>\n<script type=\"application\/ld+json\" class=\"yoast-schema-graph\">{\"@context\":\"https:\\\/\\\/schema.org\",\"@graph\":[{\"@type\":\"WebPage\",\"@id\":\"https:\\\/\\\/peradoner.com.tr\\\/kvkk-aydinlatma-metni\\\/\",\"url\":\"https:\\\/\\\/peradoner.com.tr\\\/kvkk-aydinlatma-metni\\\/\",\"name\":\"KVKK - Texte de clarification - Pera D\u00f6ner\",\"isPartOf\":{\"@id\":\"https:\\\/\\\/peradoner.com.tr\\\/#website\"},\"datePublished\":\"2023-04-29T20:39:40+00:00\",\"dateModified\":\"2024-04-08T21:28:57+00:00\",\"breadcrumb\":{\"@id\":\"https:\\\/\\\/peradoner.com.tr\\\/kvkk-aydinlatma-metni\\\/#breadcrumb\"},\"inLanguage\":\"fr-FR\",\"potentialAction\":[{\"@type\":\"ReadAction\",\"target\":[\"https:\\\/\\\/peradoner.com.tr\\\/kvkk-aydinlatma-metni\\\/\"]}]},{\"@type\":\"BreadcrumbList\",\"@id\":\"https:\\\/\\\/peradoner.com.tr\\\/kvkk-aydinlatma-metni\\\/#breadcrumb\",\"itemListElement\":[{\"@type\":\"ListItem\",\"position\":1,\"name\":\"Anasayfa\",\"item\":\"https:\\\/\\\/peradoner.com.tr\\\/\"},{\"@type\":\"ListItem\",\"position\":2,\"name\":\"KVKK &#8211; Texte de clarification\"}]},{\"@type\":\"WebSite\",\"@id\":\"https:\\\/\\\/peradoner.com.tr\\\/#website\",\"url\":\"https:\\\/\\\/peradoner.com.tr\\\/\",\"name\":\"Pera D\u00f6ner\",\"description\":\"Taksim&#039; de D\u00f6ner&#039;in Adresi\",\"potentialAction\":[{\"@type\":\"SearchAction\",\"target\":{\"@type\":\"EntryPoint\",\"urlTemplate\":\"https:\\\/\\\/peradoner.com.tr\\\/?s={search_term_string}\"},\"query-input\":{\"@type\":\"PropertyValueSpecification\",\"valueRequired\":true,\"valueName\":\"search_term_string\"}}],\"inLanguage\":\"fr-FR\"}]}<\/script>\n<!-- \/ Yoast SEO plugin. -->","yoast_head_json":{"title":"KVKK - Texte de clarification - Pera D\u00f6ner","robots":{"index":"index","follow":"follow","max-snippet":"max-snippet:-1","max-image-preview":"max-image-preview:large","max-video-preview":"max-video-preview:-1"},"canonical":"https:\/\/peradoner.com.tr\/kvkk-aydinlatma-metni\/","og_locale":"fr_FR","og_type":"article","og_title":"KVKK - Texte de clarification - Pera D\u00f6ner","og_description":"[vc_row][vc_column][vc_row_inner][vc_column_inner][\/vc_column_inner][\/vc_row_inner][vc_column_text]TEXTE DE CLARIFICATION SUR LE TRAITEMENT DES DONN\u00c9ES PERSONNELLES (\u00ab\u00a0TEXTE DE CLARIFICATION\u00a0\u00bb) En tant que Pera D\u00f6ner, ce texte de clarification (\u00ab\u00a0Texte de clarification\u00a0\u00bb) concernant la protection des donn\u00e9es \u00e0 caract\u00e8re personnel en tant que responsable du traitement des donn\u00e9es en termes de protection des donn\u00e9es \u00e0 caract\u00e8re personnel de [&hellip;]","og_url":"https:\/\/peradoner.com.tr\/kvkk-aydinlatma-metni\/","og_site_name":"Pera D\u00f6ner","article_modified_time":"2024-04-08T21:28:57+00:00","twitter_card":"summary_large_image","twitter_misc":{"Dur\u00e9e de lecture estim\u00e9e":"8 minutes"},"schema":{"@context":"https:\/\/schema.org","@graph":[{"@type":"WebPage","@id":"https:\/\/peradoner.com.tr\/kvkk-aydinlatma-metni\/","url":"https:\/\/peradoner.com.tr\/kvkk-aydinlatma-metni\/","name":"KVKK - Texte de clarification - Pera D\u00f6ner","isPartOf":{"@id":"https:\/\/peradoner.com.tr\/#website"},"datePublished":"2023-04-29T20:39:40+00:00","dateModified":"2024-04-08T21:28:57+00:00","breadcrumb":{"@id":"https:\/\/peradoner.com.tr\/kvkk-aydinlatma-metni\/#breadcrumb"},"inLanguage":"fr-FR","potentialAction":[{"@type":"ReadAction","target":["https:\/\/peradoner.com.tr\/kvkk-aydinlatma-metni\/"]}]},{"@type":"BreadcrumbList","@id":"https:\/\/peradoner.com.tr\/kvkk-aydinlatma-metni\/#breadcrumb","itemListElement":[{"@type":"ListItem","position":1,"name":"Anasayfa","item":"https:\/\/peradoner.com.tr\/"},{"@type":"ListItem","position":2,"name":"KVKK &#8211; Texte de clarification"}]},{"@type":"WebSite","@id":"https:\/\/peradoner.com.tr\/#website","url":"https:\/\/peradoner.com.tr\/","name":"Pera D\u00f6ner","description":"Taksim&#039; de D\u00f6ner&#039;in Adresi","potentialAction":[{"@type":"SearchAction","target":{"@type":"EntryPoint","urlTemplate":"https:\/\/peradoner.com.tr\/?s={search_term_string}"},"query-input":{"@type":"PropertyValueSpecification","valueRequired":true,"valueName":"search_term_string"}}],"inLanguage":"fr-FR"}]}},"_links":{"self":[{"href":"https:\/\/peradoner.com.tr\/fr\/wp-json\/wp\/v2\/pages\/4337","targetHints":{"allow":["GET"]}}],"collection":[{"href":"https:\/\/peradoner.com.tr\/fr\/wp-json\/wp\/v2\/pages"}],"about":[{"href":"https:\/\/peradoner.com.tr\/fr\/wp-json\/wp\/v2\/types\/page"}],"author":[{"embeddable":true,"href":"https:\/\/peradoner.com.tr\/fr\/wp-json\/wp\/v2\/users\/1"}],"replies":[{"embeddable":true,"href":"https:\/\/peradoner.com.tr\/fr\/wp-json\/wp\/v2\/comments?post=4337"}],"version-history":[{"count":1,"href":"https:\/\/peradoner.com.tr\/fr\/wp-json\/wp\/v2\/pages\/4337\/revisions"}],"predecessor-version":[{"id":5102,"href":"https:\/\/peradoner.com.tr\/fr\/wp-json\/wp\/v2\/pages\/4337\/revisions\/5102"}],"wp:attachment":[{"href":"https:\/\/peradoner.com.tr\/fr\/wp-json\/wp\/v2\/media?parent=4337"}],"curies":[{"name":"wp","href":"https:\/\/api.w.org\/{rel}","templated":true}]}}