{"id":4731,"date":"2024-04-08T01:46:56","date_gmt":"2024-04-07T22:46:56","guid":{"rendered":"https:\/\/peradoner.com.tr\/city-doner-menu\/meat-doner-durum\/"},"modified":"2024-04-08T01:46:56","modified_gmt":"2024-04-07T22:46:56","slug":"meat-doner-durum","status":"publish","type":"product","link":"https:\/\/peradoner.com.tr\/en\/urun\/meat-doner-durum\/","title":{"rendered":"Meat Doner D\u00fcr\u00fcm"},"content":{"rendered":"<p>Meat Doner, Tomato, French fries<br \/>\n100-120-150-150-200-250-300-400-500 gr portion selection can be made.<\/p>\n","protected":false},"excerpt":{"rendered":"<p>Meat Doner, Tomato, French fries 100-120-150-150-200-250-300-400-500 gr portion selection can be made.<\/p>\n","protected":false},"featured_media":0,"comment_status":"open","ping_status":"closed","template":"","meta":[],"product_brand":[],"product_cat":[89,154],"product_tag":[],"class_list":{"0":"post-4731","1":"product","2":"type-product","3":"status-publish","5":"product_cat-all-products","6":"product_cat-meat-doner","7":"pa_siparis-cesiti-ekmek-arasi-baget","9":"first","10":"instock","11":"taxable","12":"shipping-taxable","13":"purchasable","14":"product-type-variable"},"yoast_head":"<!-- This site is optimized with the Yoast SEO plugin v27.3 - https:\/\/yoast.com\/product\/yoast-seo-wordpress\/ -->\n<title>Meat Doner D\u00fcr\u00fcm - Pera D\u00f6ner<\/title>\n<meta name=\"robots\" content=\"index, follow, max-snippet:-1, max-image-preview:large, max-video-preview:-1\" \/>\n<link rel=\"canonical\" href=\"https:\/\/peradoner.com.tr\/urun\/et-doner-durum\/\" \/>\n<meta property=\"og:locale\" content=\"en_US\" \/>\n<meta property=\"og:type\" content=\"article\" \/>\n<meta property=\"og:title\" content=\"Meat Doner D\u00fcr\u00fcm - Pera D\u00f6ner\" \/>\n<meta property=\"og:description\" content=\"Meat Doner, Tomato, French fries 100-120-150-150-200-250-300-400-500 gr portion selection can be made.\" \/>\n<meta property=\"og:url\" content=\"https:\/\/peradoner.com.tr\/urun\/et-doner-durum\/\" \/>\n<meta property=\"og:site_name\" content=\"Pera D\u00f6ner\" \/>\n<meta name=\"twitter:card\" content=\"summary_large_image\" \/>\n<script type=\"application\/ld+json\" class=\"yoast-schema-graph\">{\"@context\":\"https:\\\/\\\/schema.org\",\"@graph\":[{\"@type\":\"WebPage\",\"@id\":\"https:\\\/\\\/peradoner.com.tr\\\/urun\\\/et-doner-durum\\\/\",\"url\":\"https:\\\/\\\/peradoner.com.tr\\\/urun\\\/et-doner-durum\\\/\",\"name\":\"Meat Doner D\u00fcr\u00fcm - Pera D\u00f6ner\",\"isPartOf\":{\"@id\":\"https:\\\/\\\/peradoner.com.tr\\\/#website\"},\"datePublished\":\"2024-04-07T22:46:56+00:00\",\"breadcrumb\":{\"@id\":\"https:\\\/\\\/peradoner.com.tr\\\/urun\\\/et-doner-durum\\\/#breadcrumb\"},\"inLanguage\":\"en-US\",\"potentialAction\":[{\"@type\":\"ReadAction\",\"target\":[\"https:\\\/\\\/peradoner.com.tr\\\/urun\\\/et-doner-durum\\\/\"]}]},{\"@type\":\"BreadcrumbList\",\"@id\":\"https:\\\/\\\/peradoner.com.tr\\\/urun\\\/et-doner-durum\\\/#breadcrumb\",\"itemListElement\":[{\"@type\":\"ListItem\",\"position\":1,\"name\":\"Anasayfa\",\"item\":\"https:\\\/\\\/peradoner.com.tr\\\/\"},{\"@type\":\"ListItem\",\"position\":2,\"name\":\"Men\u00fc\",\"item\":\"https:\\\/\\\/peradoner.com.tr\\\/menu\\\/\"},{\"@type\":\"ListItem\",\"position\":3,\"name\":\"Meat Doner D\u00fcr\u00fcm\"}]},{\"@type\":\"WebSite\",\"@id\":\"https:\\\/\\\/peradoner.com.tr\\\/#website\",\"url\":\"https:\\\/\\\/peradoner.com.tr\\\/\",\"name\":\"Pera D\u00f6ner\",\"description\":\"Taksim&#039; de D\u00f6ner&#039;in Adresi\",\"potentialAction\":[{\"@type\":\"SearchAction\",\"target\":{\"@type\":\"EntryPoint\",\"urlTemplate\":\"https:\\\/\\\/peradoner.com.tr\\\/?s={search_term_string}\"},\"query-input\":{\"@type\":\"PropertyValueSpecification\",\"valueRequired\":true,\"valueName\":\"search_term_string\"}}],\"inLanguage\":\"en-US\"}]}<\/script>\n<!-- \/ Yoast SEO plugin. -->","yoast_head_json":{"title":"Meat Doner D\u00fcr\u00fcm - Pera D\u00f6ner","robots":{"index":"index","follow":"follow","max-snippet":"max-snippet:-1","max-image-preview":"max-image-preview:large","max-video-preview":"max-video-preview:-1"},"canonical":"https:\/\/peradoner.com.tr\/urun\/et-doner-durum\/","og_locale":"en_US","og_type":"article","og_title":"Meat Doner D\u00fcr\u00fcm - Pera D\u00f6ner","og_description":"Meat Doner, Tomato, French fries 100-120-150-150-200-250-300-400-500 gr portion selection can be made.","og_url":"https:\/\/peradoner.com.tr\/urun\/et-doner-durum\/","og_site_name":"Pera D\u00f6ner","twitter_card":"summary_large_image","schema":{"@context":"https:\/\/schema.org","@graph":[{"@type":"WebPage","@id":"https:\/\/peradoner.com.tr\/urun\/et-doner-durum\/","url":"https:\/\/peradoner.com.tr\/urun\/et-doner-durum\/","name":"Meat Doner D\u00fcr\u00fcm - Pera D\u00f6ner","isPartOf":{"@id":"https:\/\/peradoner.com.tr\/#website"},"datePublished":"2024-04-07T22:46:56+00:00","breadcrumb":{"@id":"https:\/\/peradoner.com.tr\/urun\/et-doner-durum\/#breadcrumb"},"inLanguage":"en-US","potentialAction":[{"@type":"ReadAction","target":["https:\/\/peradoner.com.tr\/urun\/et-doner-durum\/"]}]},{"@type":"BreadcrumbList","@id":"https:\/\/peradoner.com.tr\/urun\/et-doner-durum\/#breadcrumb","itemListElement":[{"@type":"ListItem","position":1,"name":"Anasayfa","item":"https:\/\/peradoner.com.tr\/"},{"@type":"ListItem","position":2,"name":"Men\u00fc","item":"https:\/\/peradoner.com.tr\/menu\/"},{"@type":"ListItem","position":3,"name":"Meat Doner D\u00fcr\u00fcm"}]},{"@type":"WebSite","@id":"https:\/\/peradoner.com.tr\/#website","url":"https:\/\/peradoner.com.tr\/","name":"Pera D\u00f6ner","description":"Taksim&#039; de D\u00f6ner&#039;in Adresi","potentialAction":[{"@type":"SearchAction","target":{"@type":"EntryPoint","urlTemplate":"https:\/\/peradoner.com.tr\/?s={search_term_string}"},"query-input":{"@type":"PropertyValueSpecification","valueRequired":true,"valueName":"search_term_string"}}],"inLanguage":"en-US"}]}},"_links":{"self":[{"href":"https:\/\/peradoner.com.tr\/en\/wp-json\/wp\/v2\/product\/4731","targetHints":{"allow":["GET"]}}],"collection":[{"href":"https:\/\/peradoner.com.tr\/en\/wp-json\/wp\/v2\/product"}],"about":[{"href":"https:\/\/peradoner.com.tr\/en\/wp-json\/wp\/v2\/types\/product"}],"replies":[{"embeddable":true,"href":"https:\/\/peradoner.com.tr\/en\/wp-json\/wp\/v2\/comments?post=4731"}],"wp:attachment":[{"href":"https:\/\/peradoner.com.tr\/en\/wp-json\/wp\/v2\/media?parent=4731"}],"wp:term":[{"taxonomy":"product_brand","embeddable":true,"href":"https:\/\/peradoner.com.tr\/en\/wp-json\/wp\/v2\/product_brand?post=4731"},{"taxonomy":"product_cat","embeddable":true,"href":"https:\/\/peradoner.com.tr\/en\/wp-json\/wp\/v2\/product_cat?post=4731"},{"taxonomy":"product_tag","embeddable":true,"href":"https:\/\/peradoner.com.tr\/en\/wp-json\/wp\/v2\/product_tag?post=4731"}],"curies":[{"name":"wp","href":"https:\/\/api.w.org\/{rel}","templated":true}]}}