{"id":4869,"date":"2024-04-08T12:37:02","date_gmt":"2024-04-08T09:37:02","guid":{"rendered":"https:\/\/peradoner.com.tr\/city-doner-menu\/hahnchen-doner-kebab-2\/"},"modified":"2024-04-08T12:37:02","modified_gmt":"2024-04-08T09:37:02","slug":"hahnchen-doner-kebab-2","status":"publish","type":"product","link":"https:\/\/peradoner.com.tr\/de\/urun\/hahnchen-doner-kebab-2\/","title":{"rendered":"H\u00e4hnchen-D\u00f6ner Kebab"},"content":{"rendered":"<div class=\"wpb-content-wrapper\">[vc_row][vc_column][vc_column_text]H\u00e4hnchen D\u00f6ner 100 gr. Tomaten, Pommes frites.<\/p>\n<p>Es k\u00f6nnen 100-120-150-150-200-250-300-400-500 gr Portionen ausgew\u00e4hlt werden.[\/vc_column_text][\/vc_column][\/vc_row]\n<\/div>","protected":false},"excerpt":{"rendered":"<p>[vc_row][vc_column][vc_column_text]H\u00e4hnchen D\u00f6ner 100 gr. Tomaten, Pommes frites. Es k\u00f6nnen 100-120-150-150-200-250-300-400-500 gr Portionen ausgew\u00e4hlt werden.[\/vc_column_text][\/vc_column][\/vc_row]<\/p>\n","protected":false},"featured_media":0,"comment_status":"open","ping_status":"closed","template":"","meta":[],"product_brand":[],"product_cat":[93,105],"product_tag":[],"class_list":{"0":"post-4869","1":"product","2":"type-product","3":"status-publish","5":"product_cat-alle-produkte","6":"product_cat-hahnchen-doner-kebab","7":"pa_siparis-cesiti-tombik","9":"first","10":"instock","11":"taxable","12":"shipping-taxable","13":"purchasable","14":"product-type-variable"},"yoast_head":"<!-- This site is optimized with the Yoast SEO plugin v27.3 - https:\/\/yoast.com\/product\/yoast-seo-wordpress\/ -->\n<title>H\u00e4hnchen-D\u00f6ner Kebab - Pera D\u00f6ner<\/title>\n<meta name=\"robots\" content=\"index, follow, max-snippet:-1, max-image-preview:large, max-video-preview:-1\" \/>\n<link rel=\"canonical\" href=\"https:\/\/peradoner.com.tr\/urun\/tavuk-doner-tombik\/\" \/>\n<meta property=\"og:locale\" content=\"de_DE\" \/>\n<meta property=\"og:type\" content=\"article\" \/>\n<meta property=\"og:title\" content=\"H\u00e4hnchen-D\u00f6ner Kebab - Pera D\u00f6ner\" \/>\n<meta property=\"og:description\" content=\"[vc_row][vc_column][vc_column_text]H\u00e4hnchen D\u00f6ner 100 gr. Tomaten, Pommes frites. Es k\u00f6nnen 100-120-150-150-200-250-300-400-500 gr Portionen ausgew\u00e4hlt werden.[\/vc_column_text][\/vc_column][\/vc_row]\" \/>\n<meta property=\"og:url\" content=\"https:\/\/peradoner.com.tr\/urun\/tavuk-doner-tombik\/\" \/>\n<meta property=\"og:site_name\" content=\"Pera D\u00f6ner\" \/>\n<meta name=\"twitter:card\" content=\"summary_large_image\" \/>\n<script type=\"application\/ld+json\" class=\"yoast-schema-graph\">{\"@context\":\"https:\\\/\\\/schema.org\",\"@graph\":[{\"@type\":\"WebPage\",\"@id\":\"https:\\\/\\\/peradoner.com.tr\\\/urun\\\/tavuk-doner-tombik\\\/\",\"url\":\"https:\\\/\\\/peradoner.com.tr\\\/urun\\\/tavuk-doner-tombik\\\/\",\"name\":\"H\u00e4hnchen-D\u00f6ner Kebab - Pera D\u00f6ner\",\"isPartOf\":{\"@id\":\"https:\\\/\\\/peradoner.com.tr\\\/#website\"},\"datePublished\":\"2024-04-08T09:37:02+00:00\",\"breadcrumb\":{\"@id\":\"https:\\\/\\\/peradoner.com.tr\\\/urun\\\/tavuk-doner-tombik\\\/#breadcrumb\"},\"inLanguage\":\"de\",\"potentialAction\":[{\"@type\":\"ReadAction\",\"target\":[\"https:\\\/\\\/peradoner.com.tr\\\/urun\\\/tavuk-doner-tombik\\\/\"]}]},{\"@type\":\"BreadcrumbList\",\"@id\":\"https:\\\/\\\/peradoner.com.tr\\\/urun\\\/tavuk-doner-tombik\\\/#breadcrumb\",\"itemListElement\":[{\"@type\":\"ListItem\",\"position\":1,\"name\":\"Anasayfa\",\"item\":\"https:\\\/\\\/peradoner.com.tr\\\/de\\\/\"},{\"@type\":\"ListItem\",\"position\":2,\"name\":\"Men\u00fc\",\"item\":\"https:\\\/\\\/peradoner.com.tr\\\/menu\\\/\"},{\"@type\":\"ListItem\",\"position\":3,\"name\":\"H\u00e4hnchen-D\u00f6ner Kebab\"}]},{\"@type\":\"WebSite\",\"@id\":\"https:\\\/\\\/peradoner.com.tr\\\/#website\",\"url\":\"https:\\\/\\\/peradoner.com.tr\\\/\",\"name\":\"Pera D\u00f6ner\",\"description\":\"Taksim&#039; de D\u00f6ner&#039;in Adresi\",\"potentialAction\":[{\"@type\":\"SearchAction\",\"target\":{\"@type\":\"EntryPoint\",\"urlTemplate\":\"https:\\\/\\\/peradoner.com.tr\\\/?s={search_term_string}\"},\"query-input\":{\"@type\":\"PropertyValueSpecification\",\"valueRequired\":true,\"valueName\":\"search_term_string\"}}],\"inLanguage\":\"de\"}]}<\/script>\n<!-- \/ Yoast SEO plugin. -->","yoast_head_json":{"title":"H\u00e4hnchen-D\u00f6ner Kebab - Pera D\u00f6ner","robots":{"index":"index","follow":"follow","max-snippet":"max-snippet:-1","max-image-preview":"max-image-preview:large","max-video-preview":"max-video-preview:-1"},"canonical":"https:\/\/peradoner.com.tr\/urun\/tavuk-doner-tombik\/","og_locale":"de_DE","og_type":"article","og_title":"H\u00e4hnchen-D\u00f6ner Kebab - Pera D\u00f6ner","og_description":"[vc_row][vc_column][vc_column_text]H\u00e4hnchen D\u00f6ner 100 gr. Tomaten, Pommes frites. Es k\u00f6nnen 100-120-150-150-200-250-300-400-500 gr Portionen ausgew\u00e4hlt werden.[\/vc_column_text][\/vc_column][\/vc_row]","og_url":"https:\/\/peradoner.com.tr\/urun\/tavuk-doner-tombik\/","og_site_name":"Pera D\u00f6ner","twitter_card":"summary_large_image","schema":{"@context":"https:\/\/schema.org","@graph":[{"@type":"WebPage","@id":"https:\/\/peradoner.com.tr\/urun\/tavuk-doner-tombik\/","url":"https:\/\/peradoner.com.tr\/urun\/tavuk-doner-tombik\/","name":"H\u00e4hnchen-D\u00f6ner Kebab - Pera D\u00f6ner","isPartOf":{"@id":"https:\/\/peradoner.com.tr\/#website"},"datePublished":"2024-04-08T09:37:02+00:00","breadcrumb":{"@id":"https:\/\/peradoner.com.tr\/urun\/tavuk-doner-tombik\/#breadcrumb"},"inLanguage":"de","potentialAction":[{"@type":"ReadAction","target":["https:\/\/peradoner.com.tr\/urun\/tavuk-doner-tombik\/"]}]},{"@type":"BreadcrumbList","@id":"https:\/\/peradoner.com.tr\/urun\/tavuk-doner-tombik\/#breadcrumb","itemListElement":[{"@type":"ListItem","position":1,"name":"Anasayfa","item":"https:\/\/peradoner.com.tr\/de\/"},{"@type":"ListItem","position":2,"name":"Men\u00fc","item":"https:\/\/peradoner.com.tr\/menu\/"},{"@type":"ListItem","position":3,"name":"H\u00e4hnchen-D\u00f6ner Kebab"}]},{"@type":"WebSite","@id":"https:\/\/peradoner.com.tr\/#website","url":"https:\/\/peradoner.com.tr\/","name":"Pera D\u00f6ner","description":"Taksim&#039; de D\u00f6ner&#039;in Adresi","potentialAction":[{"@type":"SearchAction","target":{"@type":"EntryPoint","urlTemplate":"https:\/\/peradoner.com.tr\/?s={search_term_string}"},"query-input":{"@type":"PropertyValueSpecification","valueRequired":true,"valueName":"search_term_string"}}],"inLanguage":"de"}]}},"_links":{"self":[{"href":"https:\/\/peradoner.com.tr\/de\/wp-json\/wp\/v2\/product\/4869","targetHints":{"allow":["GET"]}}],"collection":[{"href":"https:\/\/peradoner.com.tr\/de\/wp-json\/wp\/v2\/product"}],"about":[{"href":"https:\/\/peradoner.com.tr\/de\/wp-json\/wp\/v2\/types\/product"}],"replies":[{"embeddable":true,"href":"https:\/\/peradoner.com.tr\/de\/wp-json\/wp\/v2\/comments?post=4869"}],"wp:attachment":[{"href":"https:\/\/peradoner.com.tr\/de\/wp-json\/wp\/v2\/media?parent=4869"}],"wp:term":[{"taxonomy":"product_brand","embeddable":true,"href":"https:\/\/peradoner.com.tr\/de\/wp-json\/wp\/v2\/product_brand?post=4869"},{"taxonomy":"product_cat","embeddable":true,"href":"https:\/\/peradoner.com.tr\/de\/wp-json\/wp\/v2\/product_cat?post=4869"},{"taxonomy":"product_tag","embeddable":true,"href":"https:\/\/peradoner.com.tr\/de\/wp-json\/wp\/v2\/product_tag?post=4869"}],"curies":[{"name":"wp","href":"https:\/\/api.w.org\/{rel}","templated":true}]}}