{"id":4717,"date":"2024-04-08T01:42:30","date_gmt":"2024-04-07T22:42:30","guid":{"rendered":"https:\/\/peradoner.com.tr\/city-doner-menu\/fleisch-doner-baguette-zwischen-den-broten\/"},"modified":"2024-04-08T01:46:16","modified_gmt":"2024-04-07T22:46:16","slug":"fleisch-doner-baguette-zwischen-den-broten","status":"publish","type":"product","link":"https:\/\/peradoner.com.tr\/de\/urun\/fleisch-doner-baguette-zwischen-den-broten\/","title":{"rendered":"Fleisch-D\u00f6ner-Baguette zwischen den Broten"},"content":{"rendered":"<p>Fleischd\u00f6ner, Tomate, Pommes frites<br \/>\nEs k\u00f6nnen 100-120-150-150-200-250-300-400-500 gr Portionen ausgew\u00e4hlt werden.<\/p>\n","protected":false},"excerpt":{"rendered":"<p>Fleischd\u00f6ner, Tomate, Pommes frites Es k\u00f6nnen 100-120-150-150-200-250-300-400-500 gr Portionen ausgew\u00e4hlt werden.<\/p>\n","protected":false},"featured_media":0,"comment_status":"open","ping_status":"closed","template":"","meta":[],"product_brand":[],"product_cat":[93,148],"product_tag":[],"class_list":{"0":"post-4717","1":"product","2":"type-product","3":"status-publish","5":"product_cat-alle-produkte","6":"product_cat-fleisch-doner","7":"pa_siparis-cesiti-ekmek-arasi-baget","9":"first","10":"instock","11":"taxable","12":"shipping-taxable","13":"purchasable","14":"product-type-variable"},"yoast_head":"<!-- This site is optimized with the Yoast SEO plugin v27.3 - https:\/\/yoast.com\/product\/yoast-seo-wordpress\/ -->\n<title>Fleisch-D\u00f6ner-Baguette zwischen den Broten - Pera D\u00f6ner<\/title>\n<meta name=\"robots\" content=\"index, follow, max-snippet:-1, max-image-preview:large, max-video-preview:-1\" \/>\n<link rel=\"canonical\" href=\"https:\/\/peradoner.com.tr\/urun\/et-doner-ekmek-arasi-baget\/\" \/>\n<meta property=\"og:locale\" content=\"de_DE\" \/>\n<meta property=\"og:type\" content=\"article\" \/>\n<meta property=\"og:title\" content=\"Fleisch-D\u00f6ner-Baguette zwischen den Broten - Pera D\u00f6ner\" \/>\n<meta property=\"og:description\" content=\"Fleischd\u00f6ner, Tomate, Pommes frites Es k\u00f6nnen 100-120-150-150-200-250-300-400-500 gr Portionen ausgew\u00e4hlt werden.\" \/>\n<meta property=\"og:url\" content=\"https:\/\/peradoner.com.tr\/urun\/et-doner-ekmek-arasi-baget\/\" \/>\n<meta property=\"og:site_name\" content=\"Pera D\u00f6ner\" \/>\n<meta property=\"article:modified_time\" content=\"2024-04-07T22:46:16+00:00\" \/>\n<meta name=\"twitter:card\" content=\"summary_large_image\" \/>\n<script type=\"application\/ld+json\" class=\"yoast-schema-graph\">{\"@context\":\"https:\\\/\\\/schema.org\",\"@graph\":[{\"@type\":\"WebPage\",\"@id\":\"https:\\\/\\\/peradoner.com.tr\\\/urun\\\/et-doner-ekmek-arasi-baget\\\/\",\"url\":\"https:\\\/\\\/peradoner.com.tr\\\/urun\\\/et-doner-ekmek-arasi-baget\\\/\",\"name\":\"Fleisch-D\u00f6ner-Baguette zwischen den Broten - Pera D\u00f6ner\",\"isPartOf\":{\"@id\":\"https:\\\/\\\/peradoner.com.tr\\\/#website\"},\"datePublished\":\"2024-04-07T22:42:30+00:00\",\"dateModified\":\"2024-04-07T22:46:16+00:00\",\"breadcrumb\":{\"@id\":\"https:\\\/\\\/peradoner.com.tr\\\/urun\\\/et-doner-ekmek-arasi-baget\\\/#breadcrumb\"},\"inLanguage\":\"de\",\"potentialAction\":[{\"@type\":\"ReadAction\",\"target\":[\"https:\\\/\\\/peradoner.com.tr\\\/urun\\\/et-doner-ekmek-arasi-baget\\\/\"]}]},{\"@type\":\"BreadcrumbList\",\"@id\":\"https:\\\/\\\/peradoner.com.tr\\\/urun\\\/et-doner-ekmek-arasi-baget\\\/#breadcrumb\",\"itemListElement\":[{\"@type\":\"ListItem\",\"position\":1,\"name\":\"Anasayfa\",\"item\":\"https:\\\/\\\/peradoner.com.tr\\\/de\\\/\"},{\"@type\":\"ListItem\",\"position\":2,\"name\":\"Men\u00fc\",\"item\":\"https:\\\/\\\/peradoner.com.tr\\\/menu\\\/\"},{\"@type\":\"ListItem\",\"position\":3,\"name\":\"Fleisch-D\u00f6ner-Baguette zwischen den Broten\"}]},{\"@type\":\"WebSite\",\"@id\":\"https:\\\/\\\/peradoner.com.tr\\\/#website\",\"url\":\"https:\\\/\\\/peradoner.com.tr\\\/\",\"name\":\"Pera D\u00f6ner\",\"description\":\"Taksim&#039; de D\u00f6ner&#039;in Adresi\",\"potentialAction\":[{\"@type\":\"SearchAction\",\"target\":{\"@type\":\"EntryPoint\",\"urlTemplate\":\"https:\\\/\\\/peradoner.com.tr\\\/?s={search_term_string}\"},\"query-input\":{\"@type\":\"PropertyValueSpecification\",\"valueRequired\":true,\"valueName\":\"search_term_string\"}}],\"inLanguage\":\"de\"}]}<\/script>\n<!-- \/ Yoast SEO plugin. -->","yoast_head_json":{"title":"Fleisch-D\u00f6ner-Baguette zwischen den Broten - Pera D\u00f6ner","robots":{"index":"index","follow":"follow","max-snippet":"max-snippet:-1","max-image-preview":"max-image-preview:large","max-video-preview":"max-video-preview:-1"},"canonical":"https:\/\/peradoner.com.tr\/urun\/et-doner-ekmek-arasi-baget\/","og_locale":"de_DE","og_type":"article","og_title":"Fleisch-D\u00f6ner-Baguette zwischen den Broten - Pera D\u00f6ner","og_description":"Fleischd\u00f6ner, Tomate, Pommes frites Es k\u00f6nnen 100-120-150-150-200-250-300-400-500 gr Portionen ausgew\u00e4hlt werden.","og_url":"https:\/\/peradoner.com.tr\/urun\/et-doner-ekmek-arasi-baget\/","og_site_name":"Pera D\u00f6ner","article_modified_time":"2024-04-07T22:46:16+00:00","twitter_card":"summary_large_image","schema":{"@context":"https:\/\/schema.org","@graph":[{"@type":"WebPage","@id":"https:\/\/peradoner.com.tr\/urun\/et-doner-ekmek-arasi-baget\/","url":"https:\/\/peradoner.com.tr\/urun\/et-doner-ekmek-arasi-baget\/","name":"Fleisch-D\u00f6ner-Baguette zwischen den Broten - Pera D\u00f6ner","isPartOf":{"@id":"https:\/\/peradoner.com.tr\/#website"},"datePublished":"2024-04-07T22:42:30+00:00","dateModified":"2024-04-07T22:46:16+00:00","breadcrumb":{"@id":"https:\/\/peradoner.com.tr\/urun\/et-doner-ekmek-arasi-baget\/#breadcrumb"},"inLanguage":"de","potentialAction":[{"@type":"ReadAction","target":["https:\/\/peradoner.com.tr\/urun\/et-doner-ekmek-arasi-baget\/"]}]},{"@type":"BreadcrumbList","@id":"https:\/\/peradoner.com.tr\/urun\/et-doner-ekmek-arasi-baget\/#breadcrumb","itemListElement":[{"@type":"ListItem","position":1,"name":"Anasayfa","item":"https:\/\/peradoner.com.tr\/de\/"},{"@type":"ListItem","position":2,"name":"Men\u00fc","item":"https:\/\/peradoner.com.tr\/menu\/"},{"@type":"ListItem","position":3,"name":"Fleisch-D\u00f6ner-Baguette zwischen den Broten"}]},{"@type":"WebSite","@id":"https:\/\/peradoner.com.tr\/#website","url":"https:\/\/peradoner.com.tr\/","name":"Pera D\u00f6ner","description":"Taksim&#039; de D\u00f6ner&#039;in Adresi","potentialAction":[{"@type":"SearchAction","target":{"@type":"EntryPoint","urlTemplate":"https:\/\/peradoner.com.tr\/?s={search_term_string}"},"query-input":{"@type":"PropertyValueSpecification","valueRequired":true,"valueName":"search_term_string"}}],"inLanguage":"de"}]}},"_links":{"self":[{"href":"https:\/\/peradoner.com.tr\/de\/wp-json\/wp\/v2\/product\/4717","targetHints":{"allow":["GET"]}}],"collection":[{"href":"https:\/\/peradoner.com.tr\/de\/wp-json\/wp\/v2\/product"}],"about":[{"href":"https:\/\/peradoner.com.tr\/de\/wp-json\/wp\/v2\/types\/product"}],"replies":[{"embeddable":true,"href":"https:\/\/peradoner.com.tr\/de\/wp-json\/wp\/v2\/comments?post=4717"}],"wp:attachment":[{"href":"https:\/\/peradoner.com.tr\/de\/wp-json\/wp\/v2\/media?parent=4717"}],"wp:term":[{"taxonomy":"product_brand","embeddable":true,"href":"https:\/\/peradoner.com.tr\/de\/wp-json\/wp\/v2\/product_brand?post=4717"},{"taxonomy":"product_cat","embeddable":true,"href":"https:\/\/peradoner.com.tr\/de\/wp-json\/wp\/v2\/product_cat?post=4717"},{"taxonomy":"product_tag","embeddable":true,"href":"https:\/\/peradoner.com.tr\/de\/wp-json\/wp\/v2\/product_tag?post=4717"}],"curies":[{"name":"wp","href":"https:\/\/api.w.org\/{rel}","templated":true}]}}