{"id":4318,"date":"2023-04-29T23:05:54","date_gmt":"2023-04-29T20:05:54","guid":{"rendered":"https:\/\/peradoner.com.tr\/informationen\/"},"modified":"2023-04-29T23:05:54","modified_gmt":"2023-04-29T20:05:54","slug":"informationen","status":"publish","type":"page","link":"https:\/\/peradoner.com.tr\/de\/informationen\/","title":{"rendered":"Informationen"},"content":{"rendered":"<div class=\"wpb-content-wrapper\">[vc_row][vc_column el_class=&#8220;bw&#8220;][vc_empty_space][vc_column_text]\n<h2 style=\"text-align: center;\">Bedingungen und Informationen zur Kampagne<\/h2>\n[\/vc_column_text][vc_empty_space][\/vc_column][\/vc_row][vc_row][vc_column][vc_tta_tour][vc_tta_section i_icon_fontawesome=&#8220;fas fa-thumbs-up&#8220; add_icon=&#8220;true&#8220; title=&#8220;Geschmacks-Tracker&#8220; tab_id=&#8220;1712343127040-da13160b-af57&#8243;][vc_column_text]\n<h2>Sonderkampagne f\u00fcr unsere wertvollen Follower<\/h2>\n<p>Wir haben \u00dcberraschungen f\u00fcr unsere gesch\u00e4tzten G\u00e4ste, die unserer Seite auf unseren Social Media Accounts folgen.[\/vc_column_text][\/vc_tta_section][vc_tta_section title=&#8220;Tee bei uns&#8220; tab_id=&#8220;1712343127045-f92747c5-be4d&#8220;][vc_column_text]\n<h2>Iskenderler von Ihnen, Tee von uns<\/h2>\n<p>Wir bieten Tee f\u00fcr Ihre Iskender-Bestellungen an.[\/vc_column_text][\/vc_tta_section][vc_tta_section title=&#8220;Passt gut zu&#8220; tab_id=&#8220;1712343622230-93a6ae3c-bc22&#8243;][vc_column_text]\n<h2>Kampagne &#8222;Good to Go<\/h2>\n<p>2 Fleischst\u00fccke, die Beyti bestellt, werden mit Buttermilch serviert.[\/vc_column_text][\/vc_tta_section][\/vc_tta_tour][\/vc_column][\/vc_row]\n<\/div>","protected":false},"excerpt":{"rendered":"<p>[vc_row][vc_column el_class=&#8220;bw&#8220;][vc_empty_space][vc_column_text] Bedingungen und Informationen zur Kampagne [\/vc_column_text][vc_empty_space][\/vc_column][\/vc_row][vc_row][vc_column][vc_tta_tour][vc_tta_section i_icon_fontawesome=&#8220;fas fa-thumbs-up&#8220; add_icon=&#8220;true&#8220; title=&#8220;Geschmacks-Tracker&#8220; tab_id=&#8220;1712343127040-da13160b-af57&#8243;][vc_column_text] Sonderkampagne f\u00fcr unsere wertvollen Follower Wir haben \u00dcberraschungen f\u00fcr unsere gesch\u00e4tzten G\u00e4ste, die unserer Seite auf unseren Social Media Accounts folgen.[\/vc_column_text][\/vc_tta_section][vc_tta_section title=&#8220;Tee bei uns&#8220; tab_id=&#8220;1712343127045-f92747c5-be4d&#8220;][vc_column_text] Iskenderler von Ihnen, Tee von uns Wir bieten Tee f\u00fcr Ihre Iskender-Bestellungen [&hellip;]<\/p>\n","protected":false},"author":1,"featured_media":0,"parent":0,"menu_order":4,"comment_status":"closed","ping_status":"closed","template":"","meta":{"footnotes":""},"class_list":["post-4318","page","type-page","status-publish","hentry"],"yoast_head":"<!-- This site is optimized with the Yoast SEO plugin v27.3 - https:\/\/yoast.com\/product\/yoast-seo-wordpress\/ -->\n<title>Informationen - Pera D\u00f6ner<\/title>\n<meta name=\"robots\" content=\"index, follow, max-snippet:-1, max-image-preview:large, max-video-preview:-1\" \/>\n<link rel=\"canonical\" href=\"https:\/\/peradoner.com.tr\/bilgilendirmeler\/\" \/>\n<meta property=\"og:locale\" content=\"de_DE\" \/>\n<meta property=\"og:type\" content=\"article\" \/>\n<meta property=\"og:title\" content=\"Informationen - Pera D\u00f6ner\" \/>\n<meta property=\"og:description\" content=\"[vc_row][vc_column el_class=&#8220;bw&#8220;][vc_empty_space][vc_column_text] Bedingungen und Informationen zur Kampagne [\/vc_column_text][vc_empty_space][\/vc_column][\/vc_row][vc_row][vc_column][vc_tta_tour][vc_tta_section i_icon_fontawesome=&#8220;fas fa-thumbs-up&#8220; add_icon=&#8220;true&#8220; title=&#8220;Geschmacks-Tracker&#8220; tab_id=&#8220;1712343127040-da13160b-af57&#8243;][vc_column_text] Sonderkampagne f\u00fcr unsere wertvollen Follower Wir haben \u00dcberraschungen f\u00fcr unsere gesch\u00e4tzten G\u00e4ste, die unserer Seite auf unseren Social Media Accounts folgen.[\/vc_column_text][\/vc_tta_section][vc_tta_section title=&#8220;Tee bei uns&#8220; tab_id=&#8220;1712343127045-f92747c5-be4d&#8220;][vc_column_text] Iskenderler von Ihnen, Tee von uns Wir bieten Tee f\u00fcr Ihre Iskender-Bestellungen [&hellip;]\" \/>\n<meta property=\"og:url\" content=\"https:\/\/peradoner.com.tr\/bilgilendirmeler\/\" \/>\n<meta property=\"og:site_name\" content=\"Pera D\u00f6ner\" \/>\n<meta name=\"twitter:card\" content=\"summary_large_image\" \/>\n<meta name=\"twitter:label1\" content=\"Gesch\u00e4tzte Lesezeit\" \/>\n\t<meta name=\"twitter:data1\" content=\"1\u00a0Minute\" \/>\n<script type=\"application\/ld+json\" class=\"yoast-schema-graph\">{\"@context\":\"https:\\\/\\\/schema.org\",\"@graph\":[{\"@type\":\"WebPage\",\"@id\":\"https:\\\/\\\/peradoner.com.tr\\\/bilgilendirmeler\\\/\",\"url\":\"https:\\\/\\\/peradoner.com.tr\\\/bilgilendirmeler\\\/\",\"name\":\"Informationen - Pera D\u00f6ner\",\"isPartOf\":{\"@id\":\"https:\\\/\\\/peradoner.com.tr\\\/#website\"},\"datePublished\":\"2023-04-29T20:05:54+00:00\",\"breadcrumb\":{\"@id\":\"https:\\\/\\\/peradoner.com.tr\\\/bilgilendirmeler\\\/#breadcrumb\"},\"inLanguage\":\"de\",\"potentialAction\":[{\"@type\":\"ReadAction\",\"target\":[\"https:\\\/\\\/peradoner.com.tr\\\/bilgilendirmeler\\\/\"]}]},{\"@type\":\"BreadcrumbList\",\"@id\":\"https:\\\/\\\/peradoner.com.tr\\\/bilgilendirmeler\\\/#breadcrumb\",\"itemListElement\":[{\"@type\":\"ListItem\",\"position\":1,\"name\":\"Anasayfa\",\"item\":\"https:\\\/\\\/peradoner.com.tr\\\/de\\\/\"},{\"@type\":\"ListItem\",\"position\":2,\"name\":\"Informationen\"}]},{\"@type\":\"WebSite\",\"@id\":\"https:\\\/\\\/peradoner.com.tr\\\/#website\",\"url\":\"https:\\\/\\\/peradoner.com.tr\\\/\",\"name\":\"Pera D\u00f6ner\",\"description\":\"Taksim&#039; de D\u00f6ner&#039;in Adresi\",\"potentialAction\":[{\"@type\":\"SearchAction\",\"target\":{\"@type\":\"EntryPoint\",\"urlTemplate\":\"https:\\\/\\\/peradoner.com.tr\\\/?s={search_term_string}\"},\"query-input\":{\"@type\":\"PropertyValueSpecification\",\"valueRequired\":true,\"valueName\":\"search_term_string\"}}],\"inLanguage\":\"de\"}]}<\/script>\n<!-- \/ Yoast SEO plugin. -->","yoast_head_json":{"title":"Informationen - Pera D\u00f6ner","robots":{"index":"index","follow":"follow","max-snippet":"max-snippet:-1","max-image-preview":"max-image-preview:large","max-video-preview":"max-video-preview:-1"},"canonical":"https:\/\/peradoner.com.tr\/bilgilendirmeler\/","og_locale":"de_DE","og_type":"article","og_title":"Informationen - Pera D\u00f6ner","og_description":"[vc_row][vc_column el_class=&#8220;bw&#8220;][vc_empty_space][vc_column_text] Bedingungen und Informationen zur Kampagne [\/vc_column_text][vc_empty_space][\/vc_column][\/vc_row][vc_row][vc_column][vc_tta_tour][vc_tta_section i_icon_fontawesome=&#8220;fas fa-thumbs-up&#8220; add_icon=&#8220;true&#8220; title=&#8220;Geschmacks-Tracker&#8220; tab_id=&#8220;1712343127040-da13160b-af57&#8243;][vc_column_text] Sonderkampagne f\u00fcr unsere wertvollen Follower Wir haben \u00dcberraschungen f\u00fcr unsere gesch\u00e4tzten G\u00e4ste, die unserer Seite auf unseren Social Media Accounts folgen.[\/vc_column_text][\/vc_tta_section][vc_tta_section title=&#8220;Tee bei uns&#8220; tab_id=&#8220;1712343127045-f92747c5-be4d&#8220;][vc_column_text] Iskenderler von Ihnen, Tee von uns Wir bieten Tee f\u00fcr Ihre Iskender-Bestellungen [&hellip;]","og_url":"https:\/\/peradoner.com.tr\/bilgilendirmeler\/","og_site_name":"Pera D\u00f6ner","twitter_card":"summary_large_image","twitter_misc":{"Gesch\u00e4tzte Lesezeit":"1\u00a0Minute"},"schema":{"@context":"https:\/\/schema.org","@graph":[{"@type":"WebPage","@id":"https:\/\/peradoner.com.tr\/bilgilendirmeler\/","url":"https:\/\/peradoner.com.tr\/bilgilendirmeler\/","name":"Informationen - Pera D\u00f6ner","isPartOf":{"@id":"https:\/\/peradoner.com.tr\/#website"},"datePublished":"2023-04-29T20:05:54+00:00","breadcrumb":{"@id":"https:\/\/peradoner.com.tr\/bilgilendirmeler\/#breadcrumb"},"inLanguage":"de","potentialAction":[{"@type":"ReadAction","target":["https:\/\/peradoner.com.tr\/bilgilendirmeler\/"]}]},{"@type":"BreadcrumbList","@id":"https:\/\/peradoner.com.tr\/bilgilendirmeler\/#breadcrumb","itemListElement":[{"@type":"ListItem","position":1,"name":"Anasayfa","item":"https:\/\/peradoner.com.tr\/de\/"},{"@type":"ListItem","position":2,"name":"Informationen"}]},{"@type":"WebSite","@id":"https:\/\/peradoner.com.tr\/#website","url":"https:\/\/peradoner.com.tr\/","name":"Pera D\u00f6ner","description":"Taksim&#039; de D\u00f6ner&#039;in Adresi","potentialAction":[{"@type":"SearchAction","target":{"@type":"EntryPoint","urlTemplate":"https:\/\/peradoner.com.tr\/?s={search_term_string}"},"query-input":{"@type":"PropertyValueSpecification","valueRequired":true,"valueName":"search_term_string"}}],"inLanguage":"de"}]}},"_links":{"self":[{"href":"https:\/\/peradoner.com.tr\/de\/wp-json\/wp\/v2\/pages\/4318","targetHints":{"allow":["GET"]}}],"collection":[{"href":"https:\/\/peradoner.com.tr\/de\/wp-json\/wp\/v2\/pages"}],"about":[{"href":"https:\/\/peradoner.com.tr\/de\/wp-json\/wp\/v2\/types\/page"}],"author":[{"embeddable":true,"href":"https:\/\/peradoner.com.tr\/de\/wp-json\/wp\/v2\/users\/1"}],"replies":[{"embeddable":true,"href":"https:\/\/peradoner.com.tr\/de\/wp-json\/wp\/v2\/comments?post=4318"}],"version-history":[{"count":0,"href":"https:\/\/peradoner.com.tr\/de\/wp-json\/wp\/v2\/pages\/4318\/revisions"}],"wp:attachment":[{"href":"https:\/\/peradoner.com.tr\/de\/wp-json\/wp\/v2\/media?parent=4318"}],"curies":[{"name":"wp","href":"https:\/\/api.w.org\/{rel}","templated":true}]}}